{"id":7,"date":"2017-05-16T07:10:40","date_gmt":"2017-05-16T07:10:40","guid":{"rendered":"http:\/\/www.ezcaroz.es\/?page_id=7"},"modified":"2023-12-21T22:58:23","modified_gmt":"2023-12-21T21:58:23","slug":"ezcaroz","status":"publish","type":"page","link":"https:\/\/www.ezcaroz.es\/eu\/ezcaroz\/","title":{"rendered":"Ezkaroze"},"content":{"rendered":"<p><\/p>\n<h6>Udaletxea:<\/h6>\n<ul>\n<li><strong style=\"font-family: sans-serif;font-size: medium;font-style: normal\">Bulegoaren ordutegia<\/strong>: 11:00etatik 13:00etara.<\/li>\n<li><strong style=\"font-family: sans-serif;font-size: medium;font-style: normal\">Helbidea<\/strong>: Rotxapea 10 p.k.31690 Ezkaroze (NAFARROA)<\/li>\n<li><strong style=\"font-family: sans-serif;font-size: medium;font-style: normal\">Telefonoa<\/strong>: 948 89 00 30<\/li>\n<li><strong style=\"font-family: sans-serif;font-size: medium;font-style: normal\">Faxa<\/strong>: 948 89 00 30<\/li>\n<li><strong style=\"font-family: sans-serif;font-size: medium;font-style: normal\">E-posta<\/strong>: <a style=\"font-family: sans-serif;font-size: medium;font-style: normal;font-weight: normal\" href=\"mailto:ayuntamiento@ezcaroz.es\">ayuntamiento@ezcaroz.es<\/a><\/li>\n<\/ul>\n<p>Eskabide Orokorra deskargatu:\u00a0<a href=\"http:\/\/www.ezcaroz.es\/wp-content\/uploads\/sites\/115\/2017\/05\/INSTANCIA-GENERAL-EZCAROZ-biling\u00fce.pdf\" class=\"mtli_attachment mtli_pdf\">Eskabide Orokorra (PDF)<\/a><\/p>\n<p>Obra-lizentzia eskabidea deskargatu:\u00a0<a href=\"http:\/\/www.ezcaroz.es\/wp-content\/uploads\/sites\/115\/2017\/05\/SOLICITUD-LICENCIA-DE-OBRAS-EZCAROZ-biling\u00fce.pdf\" class=\"mtli_attachment mtli_pdf\">Obra-lizentzia eskabidea (PDF)<\/a><\/p>\n<table>\n<tbody>\n<tr>\n<td><strong>Kargua<\/strong><\/td>\n<td><strong>Izena<\/strong><\/td>\n<\/tr>\n<tr>\n<td>Alkatea\/sa<\/td>\n<td>\u00a0Juan Jos\u00e9 Layana Barber<\/td>\n<\/tr>\n<tr>\n<td>Lehenengo Zinegotzia<\/td>\n<td>\u00a0Eduardo Montero Eseverri<\/td>\n<\/tr>\n<tr>\n<td>Bigarren Zinegotzia<\/td>\n<td>Javier Udi Mancho<\/td>\n<\/tr>\n<tr>\n<td>Hirugarren Zinegotzia<\/td>\n<td>Jes\u00fas Angel Zubialde Alzueta<\/td>\n<\/tr>\n<tr>\n<td>Laugarren Zinegotzia<\/td>\n<td>Mar\u00eda Zelaida Biurrun Urriza<\/td>\n<\/tr>\n<tr>\n<td>Bostgarren Zinegotzia<\/td>\n<td>Mar\u00eda Jos\u00e9 Gayarre Im\u00edzcoz<\/td>\n<\/tr>\n<tr>\n<td>Seigarren Zinegotzia<\/td>\n<td>Ignacio Sanz P\u00e9rez<\/td>\n<\/tr>\n<tr>\n<td>Idazkaria<\/td>\n<td>Maider Ureta<\/td>\n<\/tr>\n<\/tbody>\n<\/table>\n<p><strong>Udala: <\/strong>Ezkaroze.<br \/>\n<strong>Komunitate Erkidegoa: <\/strong>Nafarroako Foru Komunitatea.<br \/>\n<strong>Herrialdea:<\/strong> Nafarroa.<br \/>\n<strong>Kategoria Historikoa: <\/strong>Hiribildua.<br \/>\n<strong>Kategoria Administratiboa: <\/strong>Udala.<br \/>\n<strong>Barruti Judiziala: <\/strong>Agoitz.<br \/>\n<strong>Merindadea:<\/strong> Zangoza.<br \/>\n<strong>Eskualde Geografikoa: <\/strong>Nafarroako Ekialdeko Pirinioak.<br \/>\n<strong>2016eko Biztanleria:<\/strong> 319.<br \/>\n<strong>Azalera: <\/strong>2.934 Hektarea.<br \/>\n<strong>Udalaren Altuera: <\/strong>742 metro.<br \/>\n<strong>Iru\u00f1erako Distantzia:<\/strong> 84 Kilometro.<br \/>\n<strong>Komunikazioak\/Errepideak:<br \/>\n<\/strong>Na-178 Irunberri-Nabaskoze-Ezkaroze.<br \/>\nNa-140 Auritz-Izaba.<br \/>\n<strong>Jentilizioa: <\/strong>Ezkaroztar.<\/p>","protected":false},"excerpt":{"rendered":"<p>Udaletxea: Bulegoaren ordutegia: 11:00etatik 13:00etara. Helbidea: Rotxapea 10 p.k.31690 Ezkaroze (NAFARROA) Telefonoa: 948 89 00 30 Faxa: 948 89 00 30 E-posta: ayuntamiento@ezcaroz.es Eskabide Orokorra deskargatu:\u00a0Eskabide Orokorra (PDF) Obra-lizentzia eskabidea deskargatu:\u00a0Obra-lizentzia eskabidea (PDF) Kargua Izena Alkatea\/sa \u00a0Juan Jos\u00e9 Layana Barber&hellip; <\/p>\n","protected":false},"author":1,"featured_media":139,"parent":0,"menu_order":2,"comment_status":"closed","ping_status":"closed","template":"","meta":{"_monsterinsights_skip_tracking":false,"_monsterinsights_sitenote_active":false,"_monsterinsights_sitenote_note":"","_monsterinsights_sitenote_category":0,"footnotes":""},"class_list":["post-7","page","type-page","status-publish","has-post-thumbnail","hentry"],"yoast_head":"<!-- This site is optimized with the Yoast SEO plugin v26.8 - https:\/\/yoast.com\/product\/yoast-seo-wordpress\/ -->\r\n<title>Ezkaroze - Ezkarozeko Udala<\/title>\r\n<meta name=\"robots\" content=\"index, follow, max-snippet:-1, max-image-preview:large, max-video-preview:-1\" \/>\r\n<link rel=\"canonical\" href=\"http:\/\/www.ezcaroz.es\/ezcaroz\/\" \/>\r\n<meta property=\"og:locale\" content=\"eu_ES\" \/>\r\n<meta property=\"og:type\" content=\"article\" \/>\r\n<meta property=\"og:title\" content=\"[:es]Ezc\u00e1roz[:eu]Ezkaroze[:] - Ezkarozeko Udala\" \/>\r\n<meta property=\"og:description\" content=\"Udaletxea: Bulegoaren ordutegia: 11:00etatik 13:00etara. Helbidea: Rotxapea 10 p.k.31690 Ezkaroze (NAFARROA) Telefonoa: 948 89 00 30 Faxa: 948 89 00 30 E-posta: ayuntamiento@ezcaroz.es Eskabide Orokorra deskargatu:\u00a0Eskabide Orokorra (PDF) Obra-lizentzia eskabidea deskargatu:\u00a0Obra-lizentzia eskabidea (PDF) Kargua Izena Alkatea\/sa \u00a0Juan Jos\u00e9 Layana Barber&hellip;\" \/>\r\n<meta property=\"og:url\" content=\"http:\/\/www.ezcaroz.es\/ezcaroz\/\" \/>\r\n<meta property=\"og:site_name\" content=\"Ezkarozeko Udala\" \/>\r\n<meta property=\"article:modified_time\" content=\"2023-12-21T21:58:23+00:00\" \/>\r\n<meta property=\"og:image\" content=\"http:\/\/www.ezcaroz.es\/wp-content\/uploads\/sites\/115\/2017\/05\/sliderf1.jpg\" \/>\r\n\t<meta property=\"og:image:width\" content=\"1018\" \/>\r\n\t<meta property=\"og:image:height\" content=\"275\" \/>\r\n\t<meta property=\"og:image:type\" content=\"image\/jpeg\" \/>\r\n<meta name=\"twitter:card\" content=\"summary_large_image\" \/>\r\n<meta name=\"twitter:label1\" content=\"Est. reading time\" \/>\n\t<meta name=\"twitter:data1\" content=\"1 minute\" \/>\r\n<script type=\"application\/ld+json\" class=\"yoast-schema-graph\">{\"@context\":\"https:\/\/schema.org\",\"@graph\":[{\"@type\":\"WebPage\",\"@id\":\"http:\/\/www.ezcaroz.es\/ezcaroz\/\",\"url\":\"http:\/\/www.ezcaroz.es\/ezcaroz\/\",\"name\":\"[:es]Ezc\u00e1roz[:eu]Ezkaroze[:] - Ezkarozeko Udala\",\"isPartOf\":{\"@id\":\"http:\/\/www.ezcaroz.es\/#website\"},\"primaryImageOfPage\":{\"@id\":\"http:\/\/www.ezcaroz.es\/ezcaroz\/#primaryimage\"},\"image\":{\"@id\":\"http:\/\/www.ezcaroz.es\/ezcaroz\/#primaryimage\"},\"thumbnailUrl\":\"https:\/\/www.ezcaroz.es\/wp-content\/uploads\/sites\/115\/2017\/05\/sliderf1.jpg\",\"datePublished\":\"2017-05-16T07:10:40+00:00\",\"dateModified\":\"2023-12-21T21:58:23+00:00\",\"breadcrumb\":{\"@id\":\"http:\/\/www.ezcaroz.es\/ezcaroz\/#breadcrumb\"},\"inLanguage\":\"eu-ES\",\"potentialAction\":[{\"@type\":\"ReadAction\",\"target\":[\"http:\/\/www.ezcaroz.es\/ezcaroz\/\"]}]},{\"@type\":\"ImageObject\",\"inLanguage\":\"eu-ES\",\"@id\":\"http:\/\/www.ezcaroz.es\/ezcaroz\/#primaryimage\",\"url\":\"https:\/\/www.ezcaroz.es\/wp-content\/uploads\/sites\/115\/2017\/05\/sliderf1.jpg\",\"contentUrl\":\"https:\/\/www.ezcaroz.es\/wp-content\/uploads\/sites\/115\/2017\/05\/sliderf1.jpg\",\"width\":1018,\"height\":275},{\"@type\":\"BreadcrumbList\",\"@id\":\"http:\/\/www.ezcaroz.es\/ezcaroz\/#breadcrumb\",\"itemListElement\":[{\"@type\":\"ListItem\",\"position\":1,\"name\":\"Portada\",\"item\":\"http:\/\/www.ezcaroz.es\/\"},{\"@type\":\"ListItem\",\"position\":2,\"name\":\"Ezc\u00e1roz\"}]},{\"@type\":\"WebSite\",\"@id\":\"http:\/\/www.ezcaroz.es\/#website\",\"url\":\"http:\/\/www.ezcaroz.es\/\",\"name\":\"Ezkarozeko Udala\",\"description\":\"Ezkarozeko Udala\",\"potentialAction\":[{\"@type\":\"SearchAction\",\"target\":{\"@type\":\"EntryPoint\",\"urlTemplate\":\"http:\/\/www.ezcaroz.es\/?s={search_term_string}\"},\"query-input\":{\"@type\":\"PropertyValueSpecification\",\"valueRequired\":true,\"valueName\":\"search_term_string\"}}],\"inLanguage\":\"eu-ES\"}]}<\/script>\r\n<!-- \/ Yoast SEO plugin. -->","yoast_head_json":{"title":"[:es]Ezc\u00e1roz[:eu]Ezkaroze[:] - Ezkarozeko Udala","robots":{"index":"index","follow":"follow","max-snippet":"max-snippet:-1","max-image-preview":"max-image-preview:large","max-video-preview":"max-video-preview:-1"},"canonical":"http:\/\/www.ezcaroz.es\/ezcaroz\/","og_locale":"eu_ES","og_type":"article","og_title":"[:es]Ezc\u00e1roz[:eu]Ezkaroze[:] - Ezkarozeko Udala","og_description":"Udaletxea: Bulegoaren ordutegia: 11:00etatik 13:00etara. Helbidea: Rotxapea 10 p.k.31690 Ezkaroze (NAFARROA) Telefonoa: 948 89 00 30 Faxa: 948 89 00 30 E-posta: ayuntamiento@ezcaroz.es Eskabide Orokorra deskargatu:\u00a0Eskabide Orokorra (PDF) Obra-lizentzia eskabidea deskargatu:\u00a0Obra-lizentzia eskabidea (PDF) Kargua Izena Alkatea\/sa \u00a0Juan Jos\u00e9 Layana Barber&hellip;","og_url":"http:\/\/www.ezcaroz.es\/ezcaroz\/","og_site_name":"Ezkarozeko Udala","article_modified_time":"2023-12-21T21:58:23+00:00","og_image":[{"width":1018,"height":275,"url":"http:\/\/www.ezcaroz.es\/wp-content\/uploads\/sites\/115\/2017\/05\/sliderf1.jpg","type":"image\/jpeg"}],"twitter_card":"summary_large_image","twitter_misc":{"Est. reading time":"1 minute"},"schema":{"@context":"https:\/\/schema.org","@graph":[{"@type":"WebPage","@id":"http:\/\/www.ezcaroz.es\/ezcaroz\/","url":"http:\/\/www.ezcaroz.es\/ezcaroz\/","name":"[:es]Ezc\u00e1roz[:eu]Ezkaroze[:] - Ezkarozeko Udala","isPartOf":{"@id":"http:\/\/www.ezcaroz.es\/#website"},"primaryImageOfPage":{"@id":"http:\/\/www.ezcaroz.es\/ezcaroz\/#primaryimage"},"image":{"@id":"http:\/\/www.ezcaroz.es\/ezcaroz\/#primaryimage"},"thumbnailUrl":"https:\/\/www.ezcaroz.es\/wp-content\/uploads\/sites\/115\/2017\/05\/sliderf1.jpg","datePublished":"2017-05-16T07:10:40+00:00","dateModified":"2023-12-21T21:58:23+00:00","breadcrumb":{"@id":"http:\/\/www.ezcaroz.es\/ezcaroz\/#breadcrumb"},"inLanguage":"eu-ES","potentialAction":[{"@type":"ReadAction","target":["http:\/\/www.ezcaroz.es\/ezcaroz\/"]}]},{"@type":"ImageObject","inLanguage":"eu-ES","@id":"http:\/\/www.ezcaroz.es\/ezcaroz\/#primaryimage","url":"https:\/\/www.ezcaroz.es\/wp-content\/uploads\/sites\/115\/2017\/05\/sliderf1.jpg","contentUrl":"https:\/\/www.ezcaroz.es\/wp-content\/uploads\/sites\/115\/2017\/05\/sliderf1.jpg","width":1018,"height":275},{"@type":"BreadcrumbList","@id":"http:\/\/www.ezcaroz.es\/ezcaroz\/#breadcrumb","itemListElement":[{"@type":"ListItem","position":1,"name":"Portada","item":"http:\/\/www.ezcaroz.es\/"},{"@type":"ListItem","position":2,"name":"Ezc\u00e1roz"}]},{"@type":"WebSite","@id":"http:\/\/www.ezcaroz.es\/#website","url":"http:\/\/www.ezcaroz.es\/","name":"Ezkarozeko Udala","description":"Ezkarozeko Udala","potentialAction":[{"@type":"SearchAction","target":{"@type":"EntryPoint","urlTemplate":"http:\/\/www.ezcaroz.es\/?s={search_term_string}"},"query-input":{"@type":"PropertyValueSpecification","valueRequired":true,"valueName":"search_term_string"}}],"inLanguage":"eu-ES"}]}},"_links":{"self":[{"href":"https:\/\/www.ezcaroz.es\/eu\/wp-json\/wp\/v2\/pages\/7","targetHints":{"allow":["GET"]}}],"collection":[{"href":"https:\/\/www.ezcaroz.es\/eu\/wp-json\/wp\/v2\/pages"}],"about":[{"href":"https:\/\/www.ezcaroz.es\/eu\/wp-json\/wp\/v2\/types\/page"}],"author":[{"embeddable":true,"href":"https:\/\/www.ezcaroz.es\/eu\/wp-json\/wp\/v2\/users\/1"}],"replies":[{"embeddable":true,"href":"https:\/\/www.ezcaroz.es\/eu\/wp-json\/wp\/v2\/comments?post=7"}],"version-history":[{"count":4,"href":"https:\/\/www.ezcaroz.es\/eu\/wp-json\/wp\/v2\/pages\/7\/revisions"}],"predecessor-version":[{"id":10198,"href":"https:\/\/www.ezcaroz.es\/eu\/wp-json\/wp\/v2\/pages\/7\/revisions\/10198"}],"wp:featuredmedia":[{"embeddable":true,"href":"https:\/\/www.ezcaroz.es\/eu\/wp-json\/wp\/v2\/media\/139"}],"wp:attachment":[{"href":"https:\/\/www.ezcaroz.es\/eu\/wp-json\/wp\/v2\/media?parent=7"}],"curies":[{"name":"wp","href":"https:\/\/api.w.org\/{rel}","templated":true}]}}